{"id":202,"date":"2018-11-29T17:03:59","date_gmt":"2018-11-29T16:03:59","guid":{"rendered":"http:\/\/lundisoir.org\/?page_id=202"},"modified":"2025-09-12T11:37:57","modified_gmt":"2025-09-12T09:37:57","slug":"ateliers-decriture","status":"publish","type":"page","link":"https:\/\/lundisoir.org\/index.php\/ateliers-decriture\/","title":{"rendered":"ATELIERS DOC EN COURS"},"content":{"rendered":"\n[et_pb_section fb_built=\u00a0\u00bb1&Prime; _builder_version=\u00a0\u00bb4.4.2&Prime; background_position=\u00a0\u00bbtop_right\u00a0\u00bb custom_padding=\u00a0\u00bb71px|||||\u00a0\u00bb hover_enabled=\u00a0\u00bb0&Prime; background_enable_image=\u00a0\u00bboff\u00a0\u00bb][et_pb_row _builder_version=\u00a0\u00bb4.4.2&Prime; column_structure=\u00a0\u00bb1_2,1_2&Prime;][et_pb_column _builder_version=\u00a0\u00bb4.4.2&Prime; type=\u00a0\u00bb1_2&Prime;][et_pb_text _builder_version=\u00a0\u00bb4.4.2&Prime; text_font_size=\u00a0\u00bb18px\u00a0\u00bb text_line_height=\u00a0\u00bb1.5em\u00a0\u00bb hover_enabled=\u00a0\u00bb0&Prime;]<p>Depuis notre cr\u00e9ation, l&rsquo;\u00e9criture tient une place particuli\u00e8re et importante au sein du collectif.<\/p>\n<p>Nous proposons aux auteur\u00b7trice\u00b7s une aide ponctuelle dans l\u2019\u00e9criture cin\u00e9matographique de leur projet avant, pendant et apr\u00e8s le tournage : construction du film, clarification d\u2019une ossature pour un dossier qui leur permettra de tirer les fils rouges, d\u00e9gager les id\u00e9es fortes et d\u00e9m\u00ealer le fond et la forme.<\/p>\n<p>Nos ateliers ont \u00e9t\u00e9 con\u00e7us comme un espace de professionnalisation pour des auteur\u00b7trice\u00b7s, en offrant une aide au d\u00e9veloppement d\u2019un dossier dans l\u2019optique d\u2019une orientation vers des aides au financement de film, aides \u00e0 l\u2019\u00e9criture, recherche de producteurs, etc.<\/p>\n<p>Ainsi, les auteur\u00b7trice\u00b7s sortent du processus solitaire qu\u2019est l\u2019\u00e9criture d\u2019un film et confrontent leur travail \u00e0 d\u2019autres regards.<\/p>\n[\/et_pb_text][et_pb_button button_text=\u00a0\u00bbPlus d&rsquo;infos sur nos ateliers\u00a0\u00bb _builder_version=\u00a0\u00bb4.4.2&Prime; button_url=\u00a0\u00bbhttps:\/\/lundisoir.org\/index.php\/ateliers-du-lundi\/\u00a0\u00bb hover_enabled=\u00a0\u00bb0&Prime;][\/et_pb_button][\/et_pb_column][et_pb_column _builder_version=\u00a0\u00bb4.4.2&Prime; type=\u00a0\u00bb1_2&Prime;][et_pb_image src=\u00a0\u00bbhttps:\/\/lundisoir.org\/wp-content\/uploads\/2019\/02\/Le-film-de-G.png\u00a0\u00bb _builder_version=\u00a0\u00bb4.4.2&Prime; hover_enabled=\u00a0\u00bb0&Prime;][\/et_pb_image][et_pb_image src=\u00a0\u00bbhttps:\/\/lundisoir.org\/wp-content\/uploads\/2021\/04\/la-clef-7.jpg\u00a0\u00bb _builder_version=\u00a0\u00bb4.4.2&Prime; hover_enabled=\u00a0\u00bb0&Prime;][\/et_pb_image][\/et_pb_column][\/et_pb_row][\/et_pb_section]\n","protected":false},"excerpt":{"rendered":"<p>Depuis notre cr\u00e9ation, l&rsquo;\u00e9criture tient une place particuli\u00e8re et importante au sein du collectif. Nous proposons aux auteur\u00b7trice\u00b7s une aide ponctuelle dans l\u2019\u00e9criture cin\u00e9matographique de leur projet avant, pendant et apr\u00e8s le tournage : construction du film, clarification d\u2019une ossature pour un dossier qui leur permettra de tirer les fils rouges, d\u00e9gager les id\u00e9es fortes [&hellip;]<\/p>\n","protected":false},"author":1,"featured_media":0,"parent":0,"menu_order":0,"comment_status":"closed","ping_status":"closed","template":"","meta":{"_et_pb_use_builder":"on","_et_pb_old_content":"","_et_gb_content_width":"","jetpack_post_was_ever_published":false,"footnotes":""},"jetpack_sharing_enabled":true,"jetpack_shortlink":"https:\/\/wp.me\/PaRAX4-3g","_links":{"self":[{"href":"https:\/\/lundisoir.org\/index.php\/wp-json\/wp\/v2\/pages\/202"}],"collection":[{"href":"https:\/\/lundisoir.org\/index.php\/wp-json\/wp\/v2\/pages"}],"about":[{"href":"https:\/\/lundisoir.org\/index.php\/wp-json\/wp\/v2\/types\/page"}],"author":[{"embeddable":true,"href":"https:\/\/lundisoir.org\/index.php\/wp-json\/wp\/v2\/users\/1"}],"replies":[{"embeddable":true,"href":"https:\/\/lundisoir.org\/index.php\/wp-json\/wp\/v2\/comments?post=202"}],"version-history":[{"count":14,"href":"https:\/\/lundisoir.org\/index.php\/wp-json\/wp\/v2\/pages\/202\/revisions"}],"predecessor-version":[{"id":3999,"href":"https:\/\/lundisoir.org\/index.php\/wp-json\/wp\/v2\/pages\/202\/revisions\/3999"}],"wp:attachment":[{"href":"https:\/\/lundisoir.org\/index.php\/wp-json\/wp\/v2\/media?parent=202"}],"curies":[{"name":"wp","href":"https:\/\/api.w.org\/{rel}","templated":true}]}}