{"id":2098,"date":"2020-02-28T11:55:58","date_gmt":"2020-02-28T10:55:58","guid":{"rendered":"http:\/\/lundisoir.org\/?page_id=2098"},"modified":"2020-03-27T13:59:41","modified_gmt":"2020-03-27T12:59:41","slug":"creations-sonores","status":"publish","type":"page","link":"https:\/\/lundisoir.org\/index.php\/creations-sonores\/","title":{"rendered":"CAPSULES SONORES"},"content":{"rendered":"<p>[et_pb_section fb_built=\u00a0\u00bb1&Prime; _builder_version=\u00a0\u00bb4.3.4&Prime;][et_pb_row column_structure=\u00a0\u00bb1_2,1_2&Prime; _builder_version=\u00a0\u00bb4.3.4&Prime;][et_pb_column type=\u00a0\u00bb1_2&Prime; _builder_version=\u00a0\u00bb4.3.4&Prime;][et_pb_text _builder_version=\u00a0\u00bb4.3.4&Prime; text_font_size=\u00a0\u00bb15px\u00a0\u00bb header_font_size=\u00a0\u00bb35px\u00a0\u00bb header_line_height=\u00a0\u00bb2.1em\u00a0\u00bb]<\/p>\n<h4><strong>Les capsules sonores de Lundi Soir<\/strong><\/h4>\n<h4>Regards crois\u00e9s sur la cr\u00e9ation sonore documentaire<\/h4>\n<p style=\"text-align: justify;\">Dans la poursuite de la journ\u00e9e sonore qui a eu lieu lors de la 3e \u00e9dition du festival <strong>Les Yeux Ouverts<\/strong>, le 12 juin 2019, et plus particuli\u00e8rement de l&rsquo;\u00e9mission Regards crois\u00e9s sur la cr\u00e9ation sonore documentaire, le collectif Lundi Soir a r\u00e9alis\u00e9 en partenariat avec l&rsquo;\u00e9mission <strong><a href=\"https:\/\/www.radiocampusparis.org\/recreationsonore\/\" target=\"_blank\" rel=\"noopener noreferrer\">R\u00e9cr\u00e9ation sonore<\/a> sur Radio Campus Paris<\/strong> des capsules sonores !<\/p>\n<p style=\"text-align: justify;\">\u00c9pousant la m\u00eame forme que l&rsquo;\u00e9mission, <strong>cette s\u00e9rie de 6 \u00e9pisodes de 10 minutes<\/strong> \u00e9voque les th\u00e9matiques de la cr\u00e9ation, la production et la diffusion d\u2019\u0153uvres sonores documentaires.<\/p>\n<p style=\"text-align: justify;\">L&rsquo;objectif de ces capsules est de <strong>mettre en valeur le travail d&rsquo;artistes<\/strong> sonores et de structures qui favorisent la cr\u00e9ation sonore et de <strong>r\u00e9fl\u00e9chir au contexte de production<\/strong> actuel de la cr\u00e9ation sonore documentaire.<\/p>\n<h4 style=\"text-align: justify;\"><\/h4>\n<p>&nbsp;<\/p>\n<p>[\/et_pb_text][\/et_pb_column][et_pb_column type=\u00a0\u00bb1_2&Prime; _builder_version=\u00a0\u00bb4.3.4&Prime;][et_pb_image src=\u00a0\u00bbhttps:\/\/lundisoir.org\/wp-content\/uploads\/2020\/02\/Enregistrement-Radio-Campus-small.jpg\u00a0\u00bb _builder_version=\u00a0\u00bb4.3.4&Prime; custom_padding=\u00a0\u00bb|||100px|false|false\u00a0\u00bb][\/et_pb_image][\/et_pb_column][\/et_pb_row][et_pb_row _builder_version=\u00a0\u00bb4.3.4&Prime; custom_padding=\u00a0\u00bb||76px|||\u00a0\u00bb][et_pb_column type=\u00a0\u00bb4_4&Prime; _builder_version=\u00a0\u00bb4.3.4&Prime;][et_pb_text _builder_version=\u00a0\u00bb4.3.4&Prime; custom_margin=\u00a0\u00bb||13px|||\u00a0\u00bb]<\/p>\n<h4><strong>Les \u00e9pisodes<\/strong><\/h4>\n<p>[\/et_pb_text][et_pb_text _builder_version=\u00a0\u00bb4.3.4&Prime; text_font_size=\u00a0\u00bb16px\u00a0\u00bb]<\/p>\n<p><strong>09\/02 : \u00c9pisode 1<\/strong> &#8211; La cr\u00e9ation &#8211; Tendre le micro, interview avec <strong>Mariannick Bellot<\/strong><\/p>\n<p>[\/et_pb_text][et_pb_audio audio=\u00a0\u00bbhttps:\/\/lundisoir.org\/wp-content\/uploads\/2020\/02\/LUNDISOIR_Capsule1_tendrelemicro_DEF-online-audio-converter.com_.mp3&Prime; title=\u00a0\u00bbTendre le micro\u00a0\u00bb artist_name=\u00a0\u00bbLundi Soir\u00a0\u00bb _builder_version=\u00a0\u00bb4.3.4&Prime; background_color=\u00a0\u00bb#0b004c\u00a0\u00bb][\/et_pb_audio][et_pb_text _builder_version=\u00a0\u00bb4.3.4&Prime; text_font_size=\u00a0\u00bb16px\u00a0\u00bb]<\/p>\n<p><strong>16\/02 : \u00c9pisode 2<\/strong> &#8211; La cr\u00e9ation &#8211; Cr\u00e9ation sonore et performance sc\u00e9nique &#8211; interview avec <strong>Octave Courtin<\/strong><\/p>\n<p>[\/et_pb_text][et_pb_audio audio=\u00a0\u00bbhttps:\/\/lundisoir.org\/wp-content\/uploads\/2020\/02\/LUNDISOIR_Capsule2_creasonoreEspacescenique.mp3&Prime; title=\u00a0\u00bbCr\u00e9ation sonore et performance sc\u00e9nique\u00a0\u00bb artist_name=\u00a0\u00bbLundi Soir\u00a0\u00bb _builder_version=\u00a0\u00bb4.3.4&Prime; background_color=\u00a0\u00bb#0b004c\u00a0\u00bb][\/et_pb_audio][et_pb_text _builder_version=\u00a0\u00bb4.3.4&Prime; text_font_size=\u00a0\u00bb16px\u00a0\u00bb]<\/p>\n<p><strong>01\/03 : \u00c9pisode 3<\/strong> &#8211; La production &#8211; Produire en collectif &#8211; Retour sur les ateliers de cr\u00e9ation sonore r\u00e9alis\u00e9s lors du festival Les Yeux Ouverts avec <strong>Jean-Charles Regonesi<\/strong>, membre du collectif et <strong>Rapha\u00eblle Pluskwa<\/strong> du collectif <a href=\"https:\/\/monobloczone.wordpress.com\/\" target=\"_blank\" rel=\"noopener noreferrer\">Monobloc<\/a><\/p>\n<p>[\/et_pb_text][et_pb_audio audio=\u00a0\u00bbhttps:\/\/lundisoir.org\/wp-content\/uploads\/2020\/03\/Lundi-Soir-Produire-en-collectif-RadioCampusParis.wav\u00a0\u00bb title=\u00a0\u00bbProduire en collectif\u00a0\u00bb artist_name=\u00a0\u00bbLundi Soir\u00a0\u00bb _builder_version=\u00a0\u00bb4.3.4&Prime; background_color=\u00a0\u00bb#0b004c\u00a0\u00bb][\/et_pb_audio][et_pb_text _builder_version=\u00a0\u00bb4.3.4&Prime; text_font_size=\u00a0\u00bb16px\u00a0\u00bb]<\/p>\n<p style=\"text-align: justify;\"><strong>08\/03 : \u00c9pisode 4<\/strong> &#8211; La production &#8211; Billets d&rsquo;humeur &#8211; Les membres de notre collectif s&rsquo;expriment quant \u00e0 l&rsquo;\u00e9tat actuel de la production d&rsquo;oeuvres sonores documentaires<\/p>\n<p>[\/et_pb_text][et_pb_audio audio=\u00a0\u00bbhttps:\/\/lundisoir.org\/wp-content\/uploads\/2020\/03\/LUNDI-SOIR-BILLETS-DHUMEUR-RECREATION-SONORE.wav\u00a0\u00bb title=\u00a0\u00bbBillets d&rsquo;humeur\u00a0\u00bb artist_name=\u00a0\u00bbLundi Soir\u00a0\u00bb _builder_version=\u00a0\u00bb4.3.4&Prime; background_color=\u00a0\u00bb#0b004c\u00a0\u00bb][\/et_pb_audio][et_pb_text _builder_version=\u00a0\u00bb4.3.4&Prime; text_font_size=\u00a0\u00bb16px\u00a0\u00bb]<\/p>\n<p style=\"text-align: justify;\"><strong>15\/03 : \u00c9pisode 5<\/strong> &#8211; La diffusion &#8211; Une vir\u00e9e \u00e0 <a href=\"http:\/\/festival2019.acsr.be\/\" target=\"_blank\" rel=\"noopener noreferrer\"><em><strong>Ear you are<\/strong><\/em><\/a> &#8211; Immersion au festival <em>Ear you are<\/em> en Belgique organis\u00e9 par l&rsquo;<a href=\"http:\/\/www.acsr.be\/\" target=\"_blank\" rel=\"noopener noreferrer\">ACSR<\/a> du 4 au 8 d\u00e9cembre 2019<\/p>\n<p>[\/et_pb_text][et_pb_audio title=\u00a0\u00bbUne vir\u00e9e \u00e0 Ear you are\u00a0\u00bb artist_name=\u00a0\u00bbLundi Soir\u00a0\u00bb _builder_version=\u00a0\u00bb4.3.4&Prime; audio=\u00a0\u00bbhttps:\/\/lundisoir.org\/wp-content\/uploads\/2020\/03\/LUNDISOIR_Capsule5_unevir\u00e9e\u00e0Earyouare.wav\u00a0\u00bb background_color=\u00a0\u00bb#0b004c\u00a0\u00bb hover_enabled=\u00a0\u00bb0&Prime;][\/et_pb_audio][et_pb_text _builder_version=\u00a0\u00bb4.3.4&Prime; text_font_size=\u00a0\u00bb16px\u00a0\u00bb]<\/p>\n<p style=\"text-align: justify;\"><strong>29\/03 : \u00c9pisode 6<\/strong> &#8211; La diffusion &#8211; Radios associatives et cr\u00e9ation sonore &#8211; Interviews crois\u00e9es de deux membres du bureau de <a href=\"https:\/\/www.radiocampusparis.org\/\" target=\"_blank\" rel=\"noopener noreferrer\">Radio Campus Paris<\/a><\/p>\n<p>[\/et_pb_text][et_pb_audio title=\u00a0\u00bbRadios associatives et cr\u00e9ation sonore\u00a0\u00bb artist_name=\u00a0\u00bbLundi Soir\u00a0\u00bb _builder_version=\u00a0\u00bb4.3.4&Prime; audio=\u00a0\u00bbhttps:\/\/lundisoir.org\/wp-content\/uploads\/2020\/03\/LUNDISOIR_Capsule6_radoiocampusFR.wav\u00a0\u00bb background_color=\u00a0\u00bb#0b004c\u00a0\u00bb hover_enabled=\u00a0\u00bb0&Prime;][\/et_pb_audio][\/et_pb_column][\/et_pb_row][\/et_pb_section]<\/p>\n","protected":false},"excerpt":{"rendered":"<p>Les capsules sonores de Lundi Soir Regards crois\u00e9s sur la cr\u00e9ation sonore documentaire Dans la poursuite de la journ\u00e9e sonore qui a eu lieu lors de la 3e \u00e9dition du festival Les Yeux Ouverts, le 12 juin 2019, et plus particuli\u00e8rement de l&rsquo;\u00e9mission Regards crois\u00e9s sur la cr\u00e9ation sonore documentaire, le collectif Lundi Soir a [&hellip;]<\/p>\n","protected":false},"author":1,"featured_media":0,"parent":0,"menu_order":0,"comment_status":"closed","ping_status":"closed","template":"","meta":{"_et_pb_use_builder":"on","_et_pb_old_content":"","_et_gb_content_width":"","jetpack_post_was_ever_published":false,"footnotes":""},"jetpack_sharing_enabled":true,"jetpack_shortlink":"https:\/\/wp.me\/PaRAX4-xQ","_links":{"self":[{"href":"https:\/\/lundisoir.org\/index.php\/wp-json\/wp\/v2\/pages\/2098"}],"collection":[{"href":"https:\/\/lundisoir.org\/index.php\/wp-json\/wp\/v2\/pages"}],"about":[{"href":"https:\/\/lundisoir.org\/index.php\/wp-json\/wp\/v2\/types\/page"}],"author":[{"embeddable":true,"href":"https:\/\/lundisoir.org\/index.php\/wp-json\/wp\/v2\/users\/1"}],"replies":[{"embeddable":true,"href":"https:\/\/lundisoir.org\/index.php\/wp-json\/wp\/v2\/comments?post=2098"}],"version-history":[{"count":9,"href":"https:\/\/lundisoir.org\/index.php\/wp-json\/wp\/v2\/pages\/2098\/revisions"}],"predecessor-version":[{"id":2171,"href":"https:\/\/lundisoir.org\/index.php\/wp-json\/wp\/v2\/pages\/2098\/revisions\/2171"}],"wp:attachment":[{"href":"https:\/\/lundisoir.org\/index.php\/wp-json\/wp\/v2\/media?parent=2098"}],"curies":[{"name":"wp","href":"https:\/\/api.w.org\/{rel}","templated":true}]}}